{"id":1097,"date":"2025-12-01T17:35:43","date_gmt":"2025-12-01T17:35:43","guid":{"rendered":"https:\/\/accredit.hu\/?page_id=1097"},"modified":"2025-12-01T17:45:07","modified_gmt":"2025-12-01T17:45:07","slug":"acrlab-arculati-kodex","status":"publish","type":"page","link":"https:\/\/accredit.hu\/en\/acrlab-arculati-kodex\/","title":{"rendered":"Arculati k\u00f3dex"},"content":{"rendered":"<style>.elementor-1097 .elementor-element.elementor-element-e99ebc2 > .elementor-container{max-width:1150px;}.elementor-1097 .elementor-element.elementor-element-e99ebc2{transition:background 0.3s, border 0.3s, border-radius 0.3s, box-shadow 0.3s;padding:100px 0px 0px 0px;}.elementor-1097 .elementor-element.elementor-element-e99ebc2 > .elementor-background-overlay{transition:background 0.3s, border-radius 0.3s, opacity 0.3s;}.elementor-1097 .elementor-element.elementor-element-81a1ae7.elementor-column > .elementor-widget-wrap{justify-content:center;}.elementor-1097 .elementor-element.elementor-element-f1955d3 > .elementor-container{max-width:1150px;}.elementor-bc-flex-widget .elementor-1097 .elementor-element.elementor-element-a8f867b.elementor-column .elementor-widget-wrap{align-items:center;}.elementor-1097 .elementor-element.elementor-element-a8f867b.elementor-column.elementor-element[data-element_type=\"column\"] > .elementor-widget-wrap.elementor-element-populated{align-content:center;align-items:center;}.elementor-1097 .elementor-element.elementor-element-a8f867b.elementor-column > .elementor-widget-wrap{justify-content:center;}.elementor-1097 .elementor-element.elementor-element-a2add51{text-align:center;}.elementor-1097 .elementor-element.elementor-element-a2add51 .elementor-heading-title{font-family:var( --e-global-typography-secondary-font-family ), Sans-serif;font-size:var( --e-global-typography-secondary-font-size );font-weight:var( --e-global-typography-secondary-font-weight );color:var( --e-global-color-secondary );}.elementor-1097 .elementor-element.elementor-element-a2add51 > .elementor-widget-container{padding:10px 0px 10px 0px;}.elementor-1097 .elementor-element.elementor-element-21030af .elementor-icon-list-items:not(.elementor-inline-items) .elementor-icon-list-item:not(:last-child){padding-block-end:calc(9px\/2);}.elementor-1097 .elementor-element.elementor-element-21030af .elementor-icon-list-items:not(.elementor-inline-items) .elementor-icon-list-item:not(:first-child){margin-block-start:calc(9px\/2);}.elementor-1097 .elementor-element.elementor-element-21030af .elementor-icon-list-items.elementor-inline-items .elementor-icon-list-item{margin-inline:calc(9px\/2);}.elementor-1097 .elementor-element.elementor-element-21030af .elementor-icon-list-items.elementor-inline-items{margin-inline:calc(-9px\/2);}.elementor-1097 .elementor-element.elementor-element-21030af .elementor-icon-list-items.elementor-inline-items .elementor-icon-list-item:after{inset-inline-end:calc(-9px\/2);}.elementor-1097 .elementor-element.elementor-element-21030af .elementor-icon-list-icon i{color:var( --e-global-color-primary );transition:color 0.3s;}.elementor-1097 .elementor-element.elementor-element-21030af .elementor-icon-list-icon svg{fill:var( --e-global-color-primary );transition:fill 0.3s;}.elementor-1097 .elementor-element.elementor-element-21030af{--e-icon-list-icon-size:14px;--icon-vertical-offset:0px;}.elementor-1097 .elementor-element.elementor-element-21030af .elementor-icon-list-icon{padding-inline-end:7px;}.elementor-1097 .elementor-element.elementor-element-21030af .elementor-icon-list-item > .elementor-icon-list-text, .elementor-1097 .elementor-element.elementor-element-21030af .elementor-icon-list-item > a{font-family:var( --e-global-typography-text-font-family ), Sans-serif;font-size:var( --e-global-typography-text-font-size );font-weight:var( --e-global-typography-text-font-weight );}.elementor-1097 .elementor-element.elementor-element-21030af .elementor-icon-list-text{color:var( --e-global-color-text );transition:color 0.3s;}.elementor-1097 .elementor-element.elementor-element-72bcd5f .jeg-elementor-kit.jkit-button{text-align:right;}.elementor-1097 .elementor-element.elementor-element-72bcd5f .jeg-elementor-kit.jkit-button .jkit-button-wrapper{width:100%;padding:18px 40px 18px 40px;font-family:var( --e-global-typography-c7dd825-font-family ), Sans-serif;font-size:var( --e-global-typography-c7dd825-font-size );font-weight:var( --e-global-typography-c7dd825-font-weight );text-transform:var( --e-global-typography-c7dd825-text-transform );line-height:var( --e-global-typography-c7dd825-line-height );letter-spacing:var( --e-global-typography-c7dd825-letter-spacing );word-spacing:var( --e-global-typography-c7dd825-word-spacing );background-color:var( --e-global-color-primary );border-radius:0px 0px 0px 0px;}.elementor-1097 .elementor-element.elementor-element-72bcd5f .jeg-elementor-kit.jkit-button .jkit-button-wrapper:hover{color:#FFFFFF;}.elementor-1097 .elementor-element.elementor-element-72bcd5f .jeg-elementor-kit.jkit-button .jkit-button-wrapper:hover svg{fill:#FFFFFF;}.elementor-1097 .elementor-element.elementor-element-72bcd5f .jeg-elementor-kit.jkit-button .jkit-button-wrapper:not(.hover-gradient):hover, .elementor-1097 .elementor-element.elementor-element-72bcd5f .jeg-elementor-kit.jkit-button .jkit-button-wrapper.hover-gradient:before{background-color:var( --e-global-color-secondary );}.elementor-1097 .elementor-element.elementor-element-72bcd5f .jeg-elementor-kit.jkit-button .jkit-button-wrapper i{font-size:14px;}.elementor-1097 .elementor-element.elementor-element-72bcd5f .jeg-elementor-kit.jkit-button .jkit-button-wrapper svg{width:14px;}.elementor-1097 .elementor-element.elementor-element-72bcd5f .jeg-elementor-kit.jkit-button.icon-position-before .jkit-button-wrapper i, .elementor-1097 .elementor-element.elementor-element-72bcd5f .jeg-elementor-kit.jkit-button.icon-position-before .jkit-button-wrapper svg{margin-right:7px;}.elementor-1097 .elementor-element.elementor-element-72bcd5f .jeg-elementor-kit.jkit-button.icon-position-after .jkit-button-wrapper i, .elementor-1097 .elementor-element.elementor-element-72bcd5f .jeg-elementor-kit.jkit-button.icon-position-after .jkit-button-wrapper svg{margin-left:7px;}.elementor-1097 .elementor-element.elementor-element-72bcd5f .jeg-elementor-kit.jkit-button .jkit-button-wrapper i, .elementor-1097 .elementor-element.elementor-element-72bcd5f .jeg-elementor-kit.jkit-button .jkit-button-wrapper svg{-webkit-transform:translateY(-1px);-ms-transform:translateY(-1px);-o-transform:translateY(-1px);-moz-transform:translateY(-1px);transform:translateY(-1px);}.elementor-1097 .elementor-element.elementor-element-72bcd5f > .elementor-widget-container{margin:50px 0px 100px 0px;}.elementor-1097 .elementor-element.elementor-element-72bcd5f{width:auto;max-width:auto;}.elementor-1097 .elementor-element.elementor-element-98fb3d9{text-align:start;}.elementor-1097 .elementor-element.elementor-element-98fb3d9 img{width:100%;}.elementor-bc-flex-widget .elementor-1097 .elementor-element.elementor-element-d44168a.elementor-column .elementor-widget-wrap{align-items:flex-end;}.elementor-1097 .elementor-element.elementor-element-d44168a.elementor-column.elementor-element[data-element_type=\"column\"] > .elementor-widget-wrap.elementor-element-populated{align-content:flex-end;align-items:flex-end;}.elementor-1097 .elementor-element.elementor-element-d44168a.elementor-column > .elementor-widget-wrap{justify-content:flex-end;}@media(min-width:768px){.elementor-1097 .elementor-element.elementor-element-a8f867b{width:98%;}.elementor-1097 .elementor-element.elementor-element-d44168a{width:2%;}}@media(max-width:1024px){.elementor-1097 .elementor-element.elementor-element-e99ebc2{padding:80px 10px 0px 10px;}.elementor-1097 .elementor-element.elementor-element-a2add51 .elementor-heading-title{font-size:var( --e-global-typography-secondary-font-size );}.elementor-1097 .elementor-element.elementor-element-21030af .elementor-icon-list-item > .elementor-icon-list-text, .elementor-1097 .elementor-element.elementor-element-21030af .elementor-icon-list-item > a{font-size:var( --e-global-typography-text-font-size );}.elementor-1097 .elementor-element.elementor-element-21030af > .elementor-widget-container{margin:0px 0px 0px 0px;}.elementor-1097 .elementor-element.elementor-element-72bcd5f .jeg-elementor-kit.jkit-button .jkit-button-wrapper{font-size:var( --e-global-typography-c7dd825-font-size );line-height:var( --e-global-typography-c7dd825-line-height );letter-spacing:var( --e-global-typography-c7dd825-letter-spacing );word-spacing:var( --e-global-typography-c7dd825-word-spacing );}}@media(max-width:767px){.elementor-1097 .elementor-element.elementor-element-e99ebc2{padding:50px 5px 50px 5px;}.elementor-1097 .elementor-element.elementor-element-a8f867b > .elementor-element-populated{margin:0px 0px 20px 0px;--e-column-margin-right:0px;--e-column-margin-left:0px;}.elementor-1097 .elementor-element.elementor-element-a2add51 .elementor-heading-title{font-size:var( --e-global-typography-secondary-font-size );}.elementor-1097 .elementor-element.elementor-element-21030af .elementor-icon-list-item > .elementor-icon-list-text, .elementor-1097 .elementor-element.elementor-element-21030af .elementor-icon-list-item > a{font-size:var( --e-global-typography-text-font-size );}.elementor-1097 .elementor-element.elementor-element-72bcd5f .jeg-elementor-kit.jkit-button .jkit-button-wrapper{font-size:var( --e-global-typography-c7dd825-font-size );line-height:var( --e-global-typography-c7dd825-line-height );letter-spacing:var( --e-global-typography-c7dd825-letter-spacing );word-spacing:var( --e-global-typography-c7dd825-word-spacing );}.elementor-1097 .elementor-element.elementor-element-d44168a.elementor-column > .elementor-widget-wrap{justify-content:flex-start;}}<\/style>\t\t<div data-elementor-type=\"wp-page\" data-elementor-id=\"1097\" class=\"elementor elementor-1097\" data-elementor-post-type=\"page\">\n\t\t\t\t\t\t<section class=\"elementor-section elementor-top-section elementor-element elementor-element-e99ebc2 elementor-section-boxed elementor-section-height-default elementor-section-height-default\" data-id=\"e99ebc2\" data-element_type=\"section\" data-e-type=\"section\" data-settings=\"{&quot;background_background&quot;:&quot;classic&quot;}\">\n\t\t\t\t\t\t<div class=\"elementor-container elementor-column-gap-default\">\n\t\t\t\t\t<div class=\"elementor-column elementor-col-100 elementor-top-column elementor-element elementor-element-81a1ae7\" data-id=\"81a1ae7\" data-element_type=\"column\" data-e-type=\"column\">\n\t\t\t<div class=\"elementor-widget-wrap elementor-element-populated\">\n\t\t\t\t\t\t<section class=\"elementor-section elementor-inner-section elementor-element elementor-element-f1955d3 elementor-section-boxed elementor-section-height-default elementor-section-height-default\" data-id=\"f1955d3\" data-element_type=\"section\" data-e-type=\"section\">\n\t\t\t\t\t\t<div class=\"elementor-container elementor-column-gap-no\">\n\t\t\t\t\t<div class=\"elementor-column elementor-col-50 elementor-inner-column elementor-element elementor-element-a8f867b\" data-id=\"a8f867b\" data-element_type=\"column\" data-e-type=\"column\">\n\t\t\t<div class=\"elementor-widget-wrap elementor-element-populated\">\n\t\t\t\t\t\t<div class=\"elementor-element elementor-element-a2add51 elementor-widget elementor-widget-heading\" data-id=\"a2add51\" data-element_type=\"widget\" data-e-type=\"widget\" data-widget_type=\"heading.default\">\n\t\t\t\t<div class=\"elementor-widget-container\">\n\t\t\t\t\t<h2 class=\"elementor-heading-title elementor-size-default\">ACRLAB V\u00e9djegy - Szab\u00e1lyzat<\/h2>\t\t\t\t<\/div>\n\t\t\t\t<\/div>\n\t\t\t\t<div class=\"elementor-element elementor-element-21030af elementor-align-center elementor-icon-list--layout-traditional elementor-list-item-link-full_width elementor-widget elementor-widget-icon-list\" data-id=\"21030af\" data-element_type=\"widget\" data-e-type=\"widget\" data-widget_type=\"icon-list.default\">\n\t\t\t\t<div class=\"elementor-widget-container\">\n\t\t\t\t\t\t\t<ul class=\"elementor-icon-list-items\">\n\t\t\t\t\t\t\t<li class=\"elementor-icon-list-item\">\n\t\t\t\t\t\t\t\t\t\t\t<a href=\"https:\/\/accredit.hu\/en\/vedjegy-jelentkezes\/\" target=\"_blank\">\n\n\t\t\t\t\t\t\t\t\t\t\t\t<span class=\"elementor-icon-list-icon\">\n\t\t\t\t\t\t\t<svg aria-hidden=\"true\" class=\"e-font-icon-svg e-fas-arrow-circle-right\" viewbox=\"0 0 512 512\" xmlns=\"http:\/\/www.w3.org\/2000\/svg\"><path d=\"M256 8c137 0 248 111 248 248S393 504 256 504 8 393 8 256 119 8 256 8zm-28.9 143.6l75.5 72.4H120c-13.3 0-24 10.7-24 24v16c0 13.3 10.7 24 24 24h182.6l-75.5 72.4c-9.7 9.3-9.9 24.8-.4 34.3l11 10.9c9.4 9.4 24.6 9.4 33.9 0L404.3 273c9.4-9.4 9.4-24.6 0-33.9L271.6 106.3c-9.4-9.4-24.6-9.4-33.9 0l-11 10.9c-9.5 9.6-9.3 25.1.4 34.4z\"><\/path><\/svg>\t\t\t\t\t\t<\/span>\n\t\t\t\t\t\t\t\t\t\t<span class=\"elementor-icon-list-text\">Jelentkez\u00e9s<\/span>\n\t\t\t\t\t\t\t\t\t\t\t<\/a>\n\t\t\t\t\t\t\t\t\t<\/li>\n\t\t\t\t\t\t\t\t<li class=\"elementor-icon-list-item\">\n\t\t\t\t\t\t\t\t\t\t\t<a href=\"\/en\/vedjegy-szabalyzat\/\" target=\"_blank\">\n\n\t\t\t\t\t\t\t\t\t\t\t\t<span class=\"elementor-icon-list-icon\">\n\t\t\t\t\t\t\t<svg aria-hidden=\"true\" class=\"e-font-icon-svg e-fas-arrow-circle-right\" viewbox=\"0 0 512 512\" xmlns=\"http:\/\/www.w3.org\/2000\/svg\"><path d=\"M256 8c137 0 248 111 248 248S393 504 256 504 8 393 8 256 119 8 256 8zm-28.9 143.6l75.5 72.4H120c-13.3 0-24 10.7-24 24v16c0 13.3 10.7 24 24 24h182.6l-75.5 72.4c-9.7 9.3-9.9 24.8-.4 34.3l11 10.9c9.4 9.4 24.6 9.4 33.9 0L404.3 273c9.4-9.4 9.4-24.6 0-33.9L271.6 106.3c-9.4-9.4-24.6-9.4-33.9 0l-11 10.9c-9.5 9.6-9.3 25.1.4 34.4z\"><\/path><\/svg>\t\t\t\t\t\t<\/span>\n\t\t\t\t\t\t\t\t\t\t<span class=\"elementor-icon-list-text\">Arculati szab\u00e1lyzat<\/span>\n\t\t\t\t\t\t\t\t\t\t\t<\/a>\n\t\t\t\t\t\t\t\t\t<\/li>\n\t\t\t\t\t\t\t\t<li class=\"elementor-icon-list-item\">\n\t\t\t\t\t\t\t\t\t\t\t<a href=\"https:\/\/accredit.hu\/en\/vedjegyhasznalat-aszf\/\" target=\"_blank\">\n\n\t\t\t\t\t\t\t\t\t\t\t\t<span class=\"elementor-icon-list-icon\">\n\t\t\t\t\t\t\t<svg aria-hidden=\"true\" class=\"e-font-icon-svg e-fas-arrow-circle-right\" viewbox=\"0 0 512 512\" xmlns=\"http:\/\/www.w3.org\/2000\/svg\"><path d=\"M256 8c137 0 248 111 248 248S393 504 256 504 8 393 8 256 119 8 256 8zm-28.9 143.6l75.5 72.4H120c-13.3 0-24 10.7-24 24v16c0 13.3 10.7 24 24 24h182.6l-75.5 72.4c-9.7 9.3-9.9 24.8-.4 34.3l11 10.9c9.4 9.4 24.6 9.4 33.9 0L404.3 273c9.4-9.4 9.4-24.6 0-33.9L271.6 106.3c-9.4-9.4-24.6-9.4-33.9 0l-11 10.9c-9.5 9.6-9.3 25.1.4 34.4z\"><\/path><\/svg>\t\t\t\t\t\t<\/span>\n\t\t\t\t\t\t\t\t\t\t<span class=\"elementor-icon-list-text\">V\u00e9djegyhaszn\u00e1lat \u00c1SZF<\/span>\n\t\t\t\t\t\t\t\t\t\t\t<\/a>\n\t\t\t\t\t\t\t\t\t<\/li>\n\t\t\t\t\t\t<\/ul>\n\t\t\t\t\t\t<\/div>\n\t\t\t\t<\/div>\n\t\t\t\t<div class=\"elementor-element elementor-element-72bcd5f elementor-widget__width-auto elementor-widget elementor-widget-jkit_button\" data-id=\"72bcd5f\" data-element_type=\"widget\" data-e-type=\"widget\" data-widget_type=\"jkit_button.default\">\n\t\t\t\t<div class=\"elementor-widget-container\">\n\t\t\t\t\t<div  class=\"jeg-elementor-kit jkit-button  icon-position-before jeg_module___69e3f07ac7bae\" ><a href=\"https:\/\/accredit.hu\/wp-content\/uploads\/2025\/12\/ACRLAB-aszf-2024-02.pdf\" class=\"jkit-button-wrapper\">A teljes szab\u00e1lyzat let\u00f6lt\u00e9se PDF form\u00e1tumban<\/a><\/div>\t\t\t\t<\/div>\n\t\t\t\t<\/div>\n\t\t\t\t<div class=\"elementor-element elementor-element-98fb3d9 elementor-widget elementor-widget-image\" data-id=\"98fb3d9\" data-element_type=\"widget\" data-e-type=\"widget\" data-widget_type=\"image.default\">\n\t\t\t\t<div class=\"elementor-widget-container\">\n\t\t\t\t\t\t\t\t\t\t\t\t\t\t\t<img fetchpriority=\"high\" decoding=\"async\" width=\"768\" height=\"1058\" src=\"https:\/\/accredit.hu\/wp-content\/uploads\/2025\/12\/acrlab-arculati-kodex-1b-768x1058.jpg\" class=\"attachment-medium_large size-medium_large wp-image-1107\" alt=\"\" srcset=\"https:\/\/accredit.hu\/wp-content\/uploads\/2025\/12\/acrlab-arculati-kodex-1b-768x1058.jpg 768w, https:\/\/accredit.hu\/wp-content\/uploads\/2025\/12\/acrlab-arculati-kodex-1b-218x300.jpg 218w, https:\/\/accredit.hu\/wp-content\/uploads\/2025\/12\/acrlab-arculati-kodex-1b-743x1024.jpg 743w, https:\/\/accredit.hu\/wp-content\/uploads\/2025\/12\/acrlab-arculati-kodex-1b-9x12.jpg 9w, https:\/\/accredit.hu\/wp-content\/uploads\/2025\/12\/acrlab-arculati-kodex-1b.jpg 850w\" sizes=\"(max-width: 768px) 100vw, 768px\" \/>\t\t\t\t\t\t\t\t\t\t\t\t\t\t\t<\/div>\n\t\t\t\t<\/div>\n\t\t\t\t\t<\/div>\n\t\t<\/div>\n\t\t\t\t<div class=\"elementor-column elementor-col-50 elementor-inner-column elementor-element elementor-element-d44168a elementor-hidden-desktop elementor-hidden-tablet elementor-hidden-mobile\" data-id=\"d44168a\" data-element_type=\"column\" data-e-type=\"column\">\n\t\t\t<div class=\"elementor-widget-wrap\">\n\t\t\t\t\t\t\t<\/div>\n\t\t<\/div>\n\t\t\t\t\t<\/div>\n\t\t<\/section>\n\t\t\t\t\t<\/div>\n\t\t<\/div>\n\t\t\t\t\t<\/div>\n\t\t<\/section>\n\t\t\t\t<\/div>","protected":false},"excerpt":{"rendered":"<p>ACRLAB V\u00e9djegy &#8211; Szab\u00e1lyzat Jelentkez\u00e9s Arculati szab\u00e1lyzat V\u00e9djegyhaszn\u00e1lat \u00c1SZF A teljes szab\u00e1lyzat let\u00f6lt\u00e9se PDF form\u00e1tumban<\/p>","protected":false},"author":1,"featured_media":0,"parent":0,"menu_order":0,"comment_status":"closed","ping_status":"closed","template":"elementor_header_footer","meta":{"_acf_changed":false,"footnotes":""},"class_list":["post-1097","page","type-page","status-publish","hentry"],"acf":[],"yoast_head":"<!-- This site is optimized with the Yoast SEO plugin v26.9 - https:\/\/yoast.com\/product\/yoast-seo-wordpress\/ -->\n<title>Arculati k\u00f3dex - accredit.hu<\/title>\n<meta name=\"robots\" content=\"index, follow, max-snippet:-1, max-image-preview:large, max-video-preview:-1\" \/>\n<link rel=\"canonical\" href=\"https:\/\/accredit.hu\/en\/acrlab-arculati-kodex\/\" \/>\n<meta property=\"og:locale\" content=\"en_GB\" \/>\n<meta property=\"og:type\" content=\"article\" \/>\n<meta property=\"og:title\" content=\"Arculati k\u00f3dex - accredit.hu\" \/>\n<meta property=\"og:description\" content=\"ACRLAB V\u00e9djegy &#8211; Szab\u00e1lyzat Jelentkez\u00e9s Arculati szab\u00e1lyzat V\u00e9djegyhaszn\u00e1lat \u00c1SZF A teljes szab\u00e1lyzat let\u00f6lt\u00e9se PDF form\u00e1tumban\" \/>\n<meta property=\"og:url\" content=\"https:\/\/accredit.hu\/en\/acrlab-arculati-kodex\/\" \/>\n<meta property=\"og:site_name\" content=\"accredit.hu\" \/>\n<meta property=\"article:modified_time\" content=\"2025-12-01T17:45:07+00:00\" \/>\n<meta property=\"og:image\" content=\"https:\/\/accredit.hu\/wp-content\/uploads\/2025\/12\/acrlab-arculati-kodex-1b-768x1058.jpg\" \/>\n<meta name=\"twitter:card\" content=\"summary_large_image\" \/>\n<meta name=\"twitter:label1\" content=\"Estimated reading time\" \/>\n\t<meta name=\"twitter:data1\" content=\"1 minute\" \/>\n<script type=\"application\/ld+json\" class=\"yoast-schema-graph\">{\"@context\":\"https:\/\/schema.org\",\"@graph\":[{\"@type\":\"WebPage\",\"@id\":\"https:\/\/accredit.hu\/acrlab-arculati-kodex\/\",\"url\":\"https:\/\/accredit.hu\/acrlab-arculati-kodex\/\",\"name\":\"Arculati k\u00f3dex - accredit.hu\",\"isPartOf\":{\"@id\":\"https:\/\/accredit.hu\/#website\"},\"primaryImageOfPage\":{\"@id\":\"https:\/\/accredit.hu\/acrlab-arculati-kodex\/#primaryimage\"},\"image\":{\"@id\":\"https:\/\/accredit.hu\/acrlab-arculati-kodex\/#primaryimage\"},\"thumbnailUrl\":\"https:\/\/accredit.hu\/wp-content\/uploads\/2025\/12\/acrlab-arculati-kodex-1b-768x1058.jpg\",\"datePublished\":\"2025-12-01T17:35:43+00:00\",\"dateModified\":\"2025-12-01T17:45:07+00:00\",\"breadcrumb\":{\"@id\":\"https:\/\/accredit.hu\/acrlab-arculati-kodex\/#breadcrumb\"},\"inLanguage\":\"en-GB\",\"potentialAction\":[{\"@type\":\"ReadAction\",\"target\":[\"https:\/\/accredit.hu\/acrlab-arculati-kodex\/\"]}]},{\"@type\":\"ImageObject\",\"inLanguage\":\"en-GB\",\"@id\":\"https:\/\/accredit.hu\/acrlab-arculati-kodex\/#primaryimage\",\"url\":\"https:\/\/accredit.hu\/wp-content\/uploads\/2025\/12\/acrlab-arculati-kodex-1b-768x1058.jpg\",\"contentUrl\":\"https:\/\/accredit.hu\/wp-content\/uploads\/2025\/12\/acrlab-arculati-kodex-1b-768x1058.jpg\"},{\"@type\":\"BreadcrumbList\",\"@id\":\"https:\/\/accredit.hu\/acrlab-arculati-kodex\/#breadcrumb\",\"itemListElement\":[{\"@type\":\"ListItem\",\"position\":1,\"name\":\"Home\",\"item\":\"https:\/\/accredit.hu\/\"},{\"@type\":\"ListItem\",\"position\":2,\"name\":\"Arculati k\u00f3dex\"}]},{\"@type\":\"WebSite\",\"@id\":\"https:\/\/accredit.hu\/#website\",\"url\":\"https:\/\/accredit.hu\/\",\"name\":\"accredit.hu\",\"description\":\"\",\"publisher\":{\"@id\":\"https:\/\/accredit.hu\/#organization\"},\"potentialAction\":[{\"@type\":\"SearchAction\",\"target\":{\"@type\":\"EntryPoint\",\"urlTemplate\":\"https:\/\/accredit.hu\/?s={search_term_string}\"},\"query-input\":{\"@type\":\"PropertyValueSpecification\",\"valueRequired\":true,\"valueName\":\"search_term_string\"}}],\"inLanguage\":\"en-GB\"},{\"@type\":\"Organization\",\"@id\":\"https:\/\/accredit.hu\/#organization\",\"name\":\"accredit.hu\",\"url\":\"https:\/\/accredit.hu\/\",\"logo\":{\"@type\":\"ImageObject\",\"inLanguage\":\"en-GB\",\"@id\":\"https:\/\/accredit.hu\/#\/schema\/logo\/image\/\",\"url\":\"https:\/\/accredit.hu\/wp-content\/uploads\/2025\/10\/acrlab.gif\",\"contentUrl\":\"https:\/\/accredit.hu\/wp-content\/uploads\/2025\/10\/acrlab.gif\",\"width\":590,\"height\":182,\"caption\":\"accredit.hu\"},\"image\":{\"@id\":\"https:\/\/accredit.hu\/#\/schema\/logo\/image\/\"}}]}<\/script>\n<!-- \/ Yoast SEO plugin. -->","yoast_head_json":{"title":"Arculati k\u00f3dex - accredit.hu","robots":{"index":"index","follow":"follow","max-snippet":"max-snippet:-1","max-image-preview":"max-image-preview:large","max-video-preview":"max-video-preview:-1"},"canonical":"https:\/\/accredit.hu\/en\/acrlab-arculati-kodex\/","og_locale":"en_GB","og_type":"article","og_title":"Arculati k\u00f3dex - accredit.hu","og_description":"ACRLAB V\u00e9djegy &#8211; Szab\u00e1lyzat Jelentkez\u00e9s Arculati szab\u00e1lyzat V\u00e9djegyhaszn\u00e1lat \u00c1SZF A teljes szab\u00e1lyzat let\u00f6lt\u00e9se PDF form\u00e1tumban","og_url":"https:\/\/accredit.hu\/en\/acrlab-arculati-kodex\/","og_site_name":"accredit.hu","article_modified_time":"2025-12-01T17:45:07+00:00","og_image":[{"url":"https:\/\/accredit.hu\/wp-content\/uploads\/2025\/12\/acrlab-arculati-kodex-1b-768x1058.jpg","type":"","width":"","height":""}],"twitter_card":"summary_large_image","twitter_misc":{"Estimated reading time":"1 minute"},"schema":{"@context":"https:\/\/schema.org","@graph":[{"@type":"WebPage","@id":"https:\/\/accredit.hu\/acrlab-arculati-kodex\/","url":"https:\/\/accredit.hu\/acrlab-arculati-kodex\/","name":"Arculati k\u00f3dex - accredit.hu","isPartOf":{"@id":"https:\/\/accredit.hu\/#website"},"primaryImageOfPage":{"@id":"https:\/\/accredit.hu\/acrlab-arculati-kodex\/#primaryimage"},"image":{"@id":"https:\/\/accredit.hu\/acrlab-arculati-kodex\/#primaryimage"},"thumbnailUrl":"https:\/\/accredit.hu\/wp-content\/uploads\/2025\/12\/acrlab-arculati-kodex-1b-768x1058.jpg","datePublished":"2025-12-01T17:35:43+00:00","dateModified":"2025-12-01T17:45:07+00:00","breadcrumb":{"@id":"https:\/\/accredit.hu\/acrlab-arculati-kodex\/#breadcrumb"},"inLanguage":"en-GB","potentialAction":[{"@type":"ReadAction","target":["https:\/\/accredit.hu\/acrlab-arculati-kodex\/"]}]},{"@type":"ImageObject","inLanguage":"en-GB","@id":"https:\/\/accredit.hu\/acrlab-arculati-kodex\/#primaryimage","url":"https:\/\/accredit.hu\/wp-content\/uploads\/2025\/12\/acrlab-arculati-kodex-1b-768x1058.jpg","contentUrl":"https:\/\/accredit.hu\/wp-content\/uploads\/2025\/12\/acrlab-arculati-kodex-1b-768x1058.jpg"},{"@type":"BreadcrumbList","@id":"https:\/\/accredit.hu\/acrlab-arculati-kodex\/#breadcrumb","itemListElement":[{"@type":"ListItem","position":1,"name":"Home","item":"https:\/\/accredit.hu\/"},{"@type":"ListItem","position":2,"name":"Arculati k\u00f3dex"}]},{"@type":"WebSite","@id":"https:\/\/accredit.hu\/#website","url":"https:\/\/accredit.hu\/","name":"accredit.hu","description":"","publisher":{"@id":"https:\/\/accredit.hu\/#organization"},"potentialAction":[{"@type":"SearchAction","target":{"@type":"EntryPoint","urlTemplate":"https:\/\/accredit.hu\/?s={search_term_string}"},"query-input":{"@type":"PropertyValueSpecification","valueRequired":true,"valueName":"search_term_string"}}],"inLanguage":"en-GB"},{"@type":"Organization","@id":"https:\/\/accredit.hu\/#organization","name":"accredit.hu","url":"https:\/\/accredit.hu\/","logo":{"@type":"ImageObject","inLanguage":"en-GB","@id":"https:\/\/accredit.hu\/#\/schema\/logo\/image\/","url":"https:\/\/accredit.hu\/wp-content\/uploads\/2025\/10\/acrlab.gif","contentUrl":"https:\/\/accredit.hu\/wp-content\/uploads\/2025\/10\/acrlab.gif","width":590,"height":182,"caption":"accredit.hu"},"image":{"@id":"https:\/\/accredit.hu\/#\/schema\/logo\/image\/"}}]}},"_links":{"self":[{"href":"https:\/\/accredit.hu\/en\/wp-json\/wp\/v2\/pages\/1097","targetHints":{"allow":["GET"]}}],"collection":[{"href":"https:\/\/accredit.hu\/en\/wp-json\/wp\/v2\/pages"}],"about":[{"href":"https:\/\/accredit.hu\/en\/wp-json\/wp\/v2\/types\/page"}],"author":[{"embeddable":true,"href":"https:\/\/accredit.hu\/en\/wp-json\/wp\/v2\/users\/1"}],"replies":[{"embeddable":true,"href":"https:\/\/accredit.hu\/en\/wp-json\/wp\/v2\/comments?post=1097"}],"version-history":[{"count":5,"href":"https:\/\/accredit.hu\/en\/wp-json\/wp\/v2\/pages\/1097\/revisions"}],"predecessor-version":[{"id":1118,"href":"https:\/\/accredit.hu\/en\/wp-json\/wp\/v2\/pages\/1097\/revisions\/1118"}],"wp:attachment":[{"href":"https:\/\/accredit.hu\/en\/wp-json\/wp\/v2\/media?parent=1097"}],"curies":[{"name":"wp","href":"https:\/\/api.w.org\/{rel}","templated":true}]}}